{"id":22763,"date":"2021-05-21T09:51:52","date_gmt":"2021-05-21T09:57:29","guid":{"rendered":"https:\/\/magazijn22.nl\/product\/set-metalen-bollen\/"},"modified":"2021-05-21T11:57:29","modified_gmt":"2021-05-21T09:57:29","slug":"set-metalen-bollen-2","status":"publish","type":"product","link":"https:\/\/magazijn22.nl\/fr\/product\/set-metalen-bollen-2\/","title":{"rendered":"Set metalen bollen"},"content":{"rendered":"","protected":false},"excerpt":{"rendered":"<p>Stoere set metalen bollen.<\/p>\n<p>Afmetingen: \u00d821cm,\u00d826cm,\u00d831cm.<\/p>\n","protected":false},"featured_media":22695,"template":"","meta":[],"product_brand":[],"product_cat":[167],"product_tag":[],"class_list":{"0":"post-22763","1":"product","2":"type-product","3":"status-publish","4":"has-post-thumbnail","6":"product_cat-woonaccessoires-fr","8":"first","9":"outofstock","10":"taxable","11":"shipping-taxable","12":"purchasable","13":"product-type-simple"},"_links":{"self":[{"href":"https:\/\/magazijn22.nl\/fr\/wp-json\/wp\/v2\/product\/22763","targetHints":{"allow":["GET"]}}],"collection":[{"href":"https:\/\/magazijn22.nl\/fr\/wp-json\/wp\/v2\/product"}],"about":[{"href":"https:\/\/magazijn22.nl\/fr\/wp-json\/wp\/v2\/types\/product"}],"wp:featuredmedia":[{"embeddable":true,"href":"https:\/\/magazijn22.nl\/fr\/wp-json\/wp\/v2\/media\/22695"}],"wp:attachment":[{"href":"https:\/\/magazijn22.nl\/fr\/wp-json\/wp\/v2\/media?parent=22763"}],"wp:term":[{"taxonomy":"product_brand","embeddable":true,"href":"https:\/\/magazijn22.nl\/fr\/wp-json\/wp\/v2\/product_brand?post=22763"},{"taxonomy":"product_cat","embeddable":true,"href":"https:\/\/magazijn22.nl\/fr\/wp-json\/wp\/v2\/product_cat?post=22763"},{"taxonomy":"product_tag","embeddable":true,"href":"https:\/\/magazijn22.nl\/fr\/wp-json\/wp\/v2\/product_tag?post=22763"}],"curies":[{"name":"wp","href":"https:\/\/api.w.org\/{rel}","templated":true}]}}